{"id":282,"date":"2025-01-19T02:11:16","date_gmt":"2025-01-19T02:11:16","guid":{"rendered":"https:\/\/mariaandreaartist.com\/?post_type=product&#038;p=282"},"modified":"2025-02-17T17:23:49","modified_gmt":"2025-02-17T17:23:49","slug":"maria-antonieta","status":"publish","type":"product","link":"https:\/\/mariaandreaartist.com\/es\/producto\/maria-antonieta\/","title":{"rendered":"Mar\u00eda Antonieta"},"content":{"rendered":"<div>IMPRESI\u00d3N DE EDICI\u00d3N LIMITADA<\/div>\n<div>T\u00edtulo: \"Mar\u00eda Antonieta\"<\/div>\n<div>Medio:  Impresi\u00f3n Gicl\u00e9e en papel profesional de alta calidad<\/div>\n<div>Tama\u00f1o:13.2\"X17\"<\/div>\n<div><\/div>\n<div>Cada impresi\u00f3n viene firmada por la artista y una nota de agradecimiento.<\/div>\n<div><\/div>\n<div><\/div>\n<div>Inspirada en la \u00faltima reina de Francia, esta pintura representa a Mar\u00eda Antonieta leyendo, acompa\u00f1ada por su corte en un c\u00e1lido d\u00eda de verano europeo. Sus vestidos se mezclan con las hermosas flores del campo d\u00e1ndonos la sensaci\u00f3n de libertad y feminidad.<\/div>\n<div><\/div>\n<div>Los tonos c\u00e1lidos y naturales y las pinceladas suaves evocan una atm\u00f3sfera atemporal, que celebra el ocio, el compa\u00f1erismo y la belleza de la naturaleza. Perfecta para a\u00f1adir una sensaci\u00f3n de tranquilidad y elegancia a cualquier espacio, esta impresi\u00f3n de alta calidad captura cada detalle y textura de la obra de arte original.<\/div>\n<div><\/div>\n<div>Ideal para coleccionistas, entusiastas del arte o cualquiera que busque aportar un encanto tranquilo y nost\u00e1lgico\u00a0a\u00a0su\u00a0hogar.<\/div>","protected":false},"excerpt":{"rendered":"<p>LIMITED EDITION PRINT Title: &#8220;Marie Antoinette&#8221; Medium: Fine art (archival) Gicl\u00e9e Print of an Original Oil Painting Size:13.2&#8243;X17&#8243; Each print comes signed by the artist and a thank you note. Inspired by the last queen of France, this painting depicts Marie Antoinette reading ,accompanied by her court on a warm summer European day. Their dresses [&#8230;]","protected":false},"featured_media":272,"template":"","meta":[],"product_brand":[],"product_cat":[20,22],"product_tag":[],"class_list":{"0":"post-282","1":"product","2":"type-product","3":"status-publish","4":"has-post-thumbnail","6":"product_cat-prints","7":"product_cat-tienda","9":"first","10":"instock","11":"shipping-taxable","12":"purchasable","13":"product-type-simple"},"_links":{"self":[{"href":"https:\/\/mariaandreaartist.com\/es\/wp-json\/wp\/v2\/product\/282","targetHints":{"allow":["GET"]}}],"collection":[{"href":"https:\/\/mariaandreaartist.com\/es\/wp-json\/wp\/v2\/product"}],"about":[{"href":"https:\/\/mariaandreaartist.com\/es\/wp-json\/wp\/v2\/types\/product"}],"wp:featuredmedia":[{"embeddable":true,"href":"https:\/\/mariaandreaartist.com\/es\/wp-json\/wp\/v2\/media\/272"}],"wp:attachment":[{"href":"https:\/\/mariaandreaartist.com\/es\/wp-json\/wp\/v2\/media?parent=282"}],"wp:term":[{"taxonomy":"product_brand","embeddable":true,"href":"https:\/\/mariaandreaartist.com\/es\/wp-json\/wp\/v2\/product_brand?post=282"},{"taxonomy":"product_cat","embeddable":true,"href":"https:\/\/mariaandreaartist.com\/es\/wp-json\/wp\/v2\/product_cat?post=282"},{"taxonomy":"product_tag","embeddable":true,"href":"https:\/\/mariaandreaartist.com\/es\/wp-json\/wp\/v2\/product_tag?post=282"}],"curies":[{"name":"wp","href":"https:\/\/api.w.org\/{rel}","templated":true}]}}