{"id":399,"date":"2025-02-09T14:48:29","date_gmt":"2025-02-09T14:48:29","guid":{"rendered":"https:\/\/mariaandreaartist.com\/?page_id=399"},"modified":"2026-03-26T23:43:27","modified_gmt":"2026-03-26T23:43:27","slug":"class","status":"publish","type":"page","link":"https:\/\/mariaandreaartist.com\/es\/class\/","title":{"rendered":"CLASS"},"content":{"rendered":"<div class=\"row\"  id=\"row-390165674\">\n\n<div class=\"col medium-6 small-12 large-6\"  ><div class=\"col-inner\"  >\n\n<div class=\"slider-wrapper relative\" id=\"slider-398351185\" >\n    <div class=\"slider slider-nav-circle slider-nav-large slider-nav-light slider-style-normal\"\n        data-flickity-options='{            \"cellAlign\": \"center\",            \"imagesLoaded\": true,            \"lazyLoad\": 1,            \"freeScroll\": false,            \"wrapAround\": true,            \"autoPlay\": 6000,            \"pauseAutoPlayOnHover\" : true,            \"prevNextButtons\": true,            \"contain\" : true,            \"adaptiveHeight\" : true,            \"dragThreshold\" : 10,            \"percentPosition\": true,            \"pageDots\": true,            \"rightToLeft\": false,            \"draggable\": true,            \"selectedAttraction\": 0.1,            \"parallax\" : 0,            \"friction\": 0.6        }'\n        >\n        \n\n\t<div class=\"img has-hover x md-x lg-x y md-y lg-y\" id=\"image_375151003\">\n\t\t\t\t\t\t\t\t<div class=\"img-inner dark\" >\n\t\t\t<img loading=\"lazy\" decoding=\"async\" width=\"1637\" height=\"1513\" src=\"https:\/\/mariaandreaartist.com\/wp-content\/uploads\/2025\/05\/Mesa-de-trabajo-7-copia-7.png\" class=\"attachment-original size-original\" alt=\"\" srcset=\"https:\/\/mariaandreaartist.com\/wp-content\/uploads\/2025\/05\/Mesa-de-trabajo-7-copia-7.png 1637w, https:\/\/mariaandreaartist.com\/wp-content\/uploads\/2025\/05\/Mesa-de-trabajo-7-copia-7-433x400.png 433w, https:\/\/mariaandreaartist.com\/wp-content\/uploads\/2025\/05\/Mesa-de-trabajo-7-copia-7-866x800.png 866w, https:\/\/mariaandreaartist.com\/wp-content\/uploads\/2025\/05\/Mesa-de-trabajo-7-copia-7-768x710.png 768w, https:\/\/mariaandreaartist.com\/wp-content\/uploads\/2025\/05\/Mesa-de-trabajo-7-copia-7-1536x1420.png 1536w, https:\/\/mariaandreaartist.com\/wp-content\/uploads\/2025\/05\/Mesa-de-trabajo-7-copia-7-13x12.png 13w, https:\/\/mariaandreaartist.com\/wp-content\/uploads\/2025\/05\/Mesa-de-trabajo-7-copia-7-800x739.png 800w\" sizes=\"auto, (max-width: 1637px) 100vw, 1637px\" \/>\t\t\t\t\t\t\n\t\t\t\t\t<\/div>\n\t\t\t\t\t\t\t\t\n<style scope=\"scope\">\n\n#image_375151003 {\n  width: 80%;\n}\n<\/style>\n\t<\/div>\n\t\n\n\t<div class=\"img has-hover x md-x lg-x y md-y lg-y\" id=\"image_1211575959\">\n\t\t\t\t\t\t\t\t<div class=\"img-inner dark\" >\n\t\t\t<img loading=\"lazy\" decoding=\"async\" width=\"1637\" height=\"1513\" src=\"https:\/\/mariaandreaartist.com\/wp-content\/uploads\/2025\/05\/Mesa-de-trabajo-7-copia-4.png\" class=\"attachment-original size-original\" alt=\"\" srcset=\"https:\/\/mariaandreaartist.com\/wp-content\/uploads\/2025\/05\/Mesa-de-trabajo-7-copia-4.png 1637w, https:\/\/mariaandreaartist.com\/wp-content\/uploads\/2025\/05\/Mesa-de-trabajo-7-copia-4-433x400.png 433w, https:\/\/mariaandreaartist.com\/wp-content\/uploads\/2025\/05\/Mesa-de-trabajo-7-copia-4-866x800.png 866w, https:\/\/mariaandreaartist.com\/wp-content\/uploads\/2025\/05\/Mesa-de-trabajo-7-copia-4-768x710.png 768w, https:\/\/mariaandreaartist.com\/wp-content\/uploads\/2025\/05\/Mesa-de-trabajo-7-copia-4-1536x1420.png 1536w, https:\/\/mariaandreaartist.com\/wp-content\/uploads\/2025\/05\/Mesa-de-trabajo-7-copia-4-13x12.png 13w, https:\/\/mariaandreaartist.com\/wp-content\/uploads\/2025\/05\/Mesa-de-trabajo-7-copia-4-800x739.png 800w\" sizes=\"auto, (max-width: 1637px) 100vw, 1637px\" \/>\t\t\t\t\t\t\n\t\t\t\t\t<\/div>\n\t\t\t\t\t\t\t\t\n<style scope=\"scope\">\n\n#image_1211575959 {\n  width: 80%;\n}\n<\/style>\n\t<\/div>\n\t\n\n\t<div class=\"img has-hover x md-x lg-x y md-y lg-y\" id=\"image_257707676\">\n\t\t\t\t\t\t\t\t<div class=\"img-inner dark\" >\n\t\t\t<img loading=\"lazy\" decoding=\"async\" width=\"1637\" height=\"1513\" src=\"https:\/\/mariaandreaartist.com\/wp-content\/uploads\/2025\/05\/Mesa-de-trabajo-7-copia-6.png\" class=\"attachment-original size-original\" alt=\"\" srcset=\"https:\/\/mariaandreaartist.com\/wp-content\/uploads\/2025\/05\/Mesa-de-trabajo-7-copia-6.png 1637w, https:\/\/mariaandreaartist.com\/wp-content\/uploads\/2025\/05\/Mesa-de-trabajo-7-copia-6-433x400.png 433w, https:\/\/mariaandreaartist.com\/wp-content\/uploads\/2025\/05\/Mesa-de-trabajo-7-copia-6-866x800.png 866w, https:\/\/mariaandreaartist.com\/wp-content\/uploads\/2025\/05\/Mesa-de-trabajo-7-copia-6-768x710.png 768w, https:\/\/mariaandreaartist.com\/wp-content\/uploads\/2025\/05\/Mesa-de-trabajo-7-copia-6-1536x1420.png 1536w, https:\/\/mariaandreaartist.com\/wp-content\/uploads\/2025\/05\/Mesa-de-trabajo-7-copia-6-13x12.png 13w, https:\/\/mariaandreaartist.com\/wp-content\/uploads\/2025\/05\/Mesa-de-trabajo-7-copia-6-800x739.png 800w\" sizes=\"auto, (max-width: 1637px) 100vw, 1637px\" \/>\t\t\t\t\t\t\n\t\t\t\t\t<\/div>\n\t\t\t\t\t\t\t\t\n<style scope=\"scope\">\n\n#image_257707676 {\n  width: 80%;\n}\n<\/style>\n\t<\/div>\n\t\n\n\t<div class=\"img has-hover x md-x lg-x y md-y lg-y\" id=\"image_1047140694\">\n\t\t\t\t\t\t\t\t<div class=\"img-inner dark\" >\n\t\t\t<img loading=\"lazy\" decoding=\"async\" width=\"1637\" height=\"1513\" src=\"https:\/\/mariaandreaartist.com\/wp-content\/uploads\/2025\/05\/Mesa-de-trabajo-7-copia-5.png\" class=\"attachment-original size-original\" alt=\"\" srcset=\"https:\/\/mariaandreaartist.com\/wp-content\/uploads\/2025\/05\/Mesa-de-trabajo-7-copia-5.png 1637w, https:\/\/mariaandreaartist.com\/wp-content\/uploads\/2025\/05\/Mesa-de-trabajo-7-copia-5-433x400.png 433w, https:\/\/mariaandreaartist.com\/wp-content\/uploads\/2025\/05\/Mesa-de-trabajo-7-copia-5-866x800.png 866w, https:\/\/mariaandreaartist.com\/wp-content\/uploads\/2025\/05\/Mesa-de-trabajo-7-copia-5-768x710.png 768w, https:\/\/mariaandreaartist.com\/wp-content\/uploads\/2025\/05\/Mesa-de-trabajo-7-copia-5-1536x1420.png 1536w, https:\/\/mariaandreaartist.com\/wp-content\/uploads\/2025\/05\/Mesa-de-trabajo-7-copia-5-13x12.png 13w, https:\/\/mariaandreaartist.com\/wp-content\/uploads\/2025\/05\/Mesa-de-trabajo-7-copia-5-800x739.png 800w\" sizes=\"auto, (max-width: 1637px) 100vw, 1637px\" \/>\t\t\t\t\t\t\n\t\t\t\t\t<\/div>\n\t\t\t\t\t\t\t\t\n<style scope=\"scope\">\n\n#image_1047140694 {\n  width: 80%;\n}\n<\/style>\n\t<\/div>\n\t\n\n\n     <\/div>\n\n     <div class=\"loading-spin dark large centered\"><\/div>\n\n     <style scope=\"scope\">\n             <\/style>\n<\/div><!-- .ux-slider-wrapper -->\n\n\n<h3><span style=\"font-size: 40px;\">Spring Art Class<\/span><\/h3>\n<div>Join for a 6-week art course designed for beginner artists! This class, meeting once a week, will introduce you to the fundamentals of charcoal drawing and oil painting. You\u2019ll explore techniques in shading, composition, color mixing, and brushwork, focusing on still lifes and portraiture ,in a supportive and creative environment. Whether you\u2019re picking up a pencil or brush for the first time or looking to refine your skills, this course will help you build confidence and artistic\u00a0expression.<\/div>\n<div>\u00a0<\/div>\n<div><span style=\"font-size: 20px;\"><strong>La clase es biling\u00fce ESPA\u00d1OL E INGLES son bienvenida<\/strong><\/span><\/div>\n<div>\u00a0<\/div>\n<div><span style=\"font-family: Breathing;\">Por Maria Andrea\u00a0<\/span><\/div>\n<div class=\"gap-element\" style=\"display:block; height:auto; padding-top:30px\"><\/div>\n\n<div class=\"row row-divided\"  id=\"row-2038956972\">\n\n<div class=\"col small-12 large-12\"  ><div class=\"col-inner\"  >\n\n<h1><span style=\"font-size: 18px;\"><strong>Martes por la noche<\/strong><\/span> <br \/>de 7:00 p. m. a 9:15 p. m.<\/p>\n<p><span style=\"font-family: Breathing; font-size: 24px; color: #f5f0b0;\">FECHAS<\/span><\/h1>\n\n<\/div><\/div>\n\n\n<style scope=\"scope\">\n\n<\/style>\n<\/div>\n<div class=\"row align-middle align-center row-divided\"  id=\"row-589598\">\n\n<div class=\"col medium-4 small-4 large-4\"  ><div class=\"col-inner\"  >\n\n<p>April 14<\/p>\n<p>April21<\/p>\n\n<\/div><\/div>\n<div class=\"col medium-4 small-3 large-4\"  ><div class=\"col-inner\"  >\n\n<p>April 28<\/p>\n<p>May 5<\/p>\n\n<\/div><\/div>\n<div class=\"col medium-4 small-4 large-4\"  ><div class=\"col-inner\"  >\n\n<p>May 12<\/p>\n<p>May 19<\/p>\n\n<\/div><\/div>\n\n\n<style scope=\"scope\">\n\n<\/style>\n<\/div>\n<div class=\"row align-center\"  id=\"row-1319682182\">\n\n<div class=\"col small-12 large-12\"  ><div class=\"col-inner\"  >\n\n<h2 style=\"text-align: center;\"><span style=\"font-size: 30px; color: #f5f0b0;\">$175 USD<\/span><\/h2>\n<p>LA LISTA DE MATERIALES SUGERIDOS SE ENVIAR\u00c1 POR CORREO ELECTR\u00d3NICO<br \/>Artisan Resource Center<br \/>585 Cobb Pkwy S, Studio K2 <br \/>Marietta, GA 30060<\/p>\n\n<\/div><\/div>\n\n\n<style scope=\"scope\">\n\n<\/style>\n<\/div>\n\n<\/div><\/div>\n<div class=\"col medium-6 small-12 large-6\"  ><div class=\"col-inner text-center\"  >\n\n\t<div class=\"img has-hover x md-x lg-x y md-y lg-y\" id=\"image_993183400\">\n\t\t\t\t\t\t\t\t<div class=\"img-inner dark\" >\n\t\t\t<img loading=\"lazy\" decoding=\"async\" width=\"1513\" height=\"2341\" src=\"https:\/\/mariaandreaartist.com\/wp-content\/uploads\/2025\/05\/Mesa-de-trabajo-7-copia-3-1.png\" class=\"attachment-original size-original\" alt=\"\" srcset=\"https:\/\/mariaandreaartist.com\/wp-content\/uploads\/2025\/05\/Mesa-de-trabajo-7-copia-3-1.png 1513w, https:\/\/mariaandreaartist.com\/wp-content\/uploads\/2025\/05\/Mesa-de-trabajo-7-copia-3-1-259x400.png 259w, https:\/\/mariaandreaartist.com\/wp-content\/uploads\/2025\/05\/Mesa-de-trabajo-7-copia-3-1-517x800.png 517w, https:\/\/mariaandreaartist.com\/wp-content\/uploads\/2025\/05\/Mesa-de-trabajo-7-copia-3-1-768x1188.png 768w, https:\/\/mariaandreaartist.com\/wp-content\/uploads\/2025\/05\/Mesa-de-trabajo-7-copia-3-1-993x1536.png 993w, https:\/\/mariaandreaartist.com\/wp-content\/uploads\/2025\/05\/Mesa-de-trabajo-7-copia-3-1-1324x2048.png 1324w, https:\/\/mariaandreaartist.com\/wp-content\/uploads\/2025\/05\/Mesa-de-trabajo-7-copia-3-1-8x12.png 8w, https:\/\/mariaandreaartist.com\/wp-content\/uploads\/2025\/05\/Mesa-de-trabajo-7-copia-3-1-800x1238.png 800w\" sizes=\"auto, (max-width: 1513px) 100vw, 1513px\" \/>\t\t\t\t\t\t\n\t\t\t\t\t<\/div>\n\t\t\t\t\t\t\t\t\n<style scope=\"scope\">\n\n#image_993183400 {\n  width: 86%;\n}\n<\/style>\n\t<\/div>\n\t\n\n<div class=\"row\"  id=\"row-499957065\">\n\n<div class=\"col small-12 large-12\"  ><div class=\"col-inner\"  >\n\n<div>Maria Andrea es una pintora al \u00f3leo radicada en Atlanta, originaria de Venezuela.<\/div>\n<div>\u00a0<\/div>\n<div>El arte ha cambiado mi vida de muchas maneras maravillosas y me encantar\u00eda que t\u00fa experimentes lo mismo. Crear es la mayor alegr\u00eda y aprender las herramientas adecuadas para expresar tus ideas es fundamental en el proceso creativo.<\/div>\n<div>Estoy muy emocionada de ense\u00f1ar en las mismas paredes que me vieron aprender (y contin\u00faan haci\u00e9ndolo). \u00a1Espero verte\u00a0en\u00a0clase!<\/div>\n\n<\/div><\/div>\n\n<\/div>\n<a href=\"https:\/\/mariaandreaartist.com\/es\/producto\/class\/\" target=\"_self\" class=\"button primary expand\"  style=\"border-radius:99px;\">\n    <span>Obt\u00e9n lo ahora<\/span>\n  <\/a>\n\n\n\n<\/div><\/div>\n\n<\/div>","protected":false},"excerpt":{"rendered":"","protected":false},"author":1,"featured_media":0,"parent":0,"menu_order":0,"comment_status":"closed","ping_status":"closed","template":"","meta":{"footnotes":""},"class_list":["post-399","page","type-page","status-publish","hentry"],"_links":{"self":[{"href":"https:\/\/mariaandreaartist.com\/es\/wp-json\/wp\/v2\/pages\/399","targetHints":{"allow":["GET"]}}],"collection":[{"href":"https:\/\/mariaandreaartist.com\/es\/wp-json\/wp\/v2\/pages"}],"about":[{"href":"https:\/\/mariaandreaartist.com\/es\/wp-json\/wp\/v2\/types\/page"}],"author":[{"embeddable":true,"href":"https:\/\/mariaandreaartist.com\/es\/wp-json\/wp\/v2\/users\/1"}],"replies":[{"embeddable":true,"href":"https:\/\/mariaandreaartist.com\/es\/wp-json\/wp\/v2\/comments?post=399"}],"version-history":[{"count":32,"href":"https:\/\/mariaandreaartist.com\/es\/wp-json\/wp\/v2\/pages\/399\/revisions"}],"predecessor-version":[{"id":1234,"href":"https:\/\/mariaandreaartist.com\/es\/wp-json\/wp\/v2\/pages\/399\/revisions\/1234"}],"wp:attachment":[{"href":"https:\/\/mariaandreaartist.com\/es\/wp-json\/wp\/v2\/media?parent=399"}],"curies":[{"name":"wp","href":"https:\/\/api.w.org\/{rel}","templated":true}]}}